{"id":90,"date":"2018-05-28T21:31:29","date_gmt":"2018-05-28T19:31:29","guid":{"rendered":"http:\/\/logopaedie-landt.de\/?page_id=90"},"modified":"2021-02-26T18:32:25","modified_gmt":"2021-02-26T17:32:25","slug":"behandlungsfelder-fuer-erwachsene","status":"publish","type":"page","link":"https:\/\/logopaedie-landt.de\/?page_id=90","title":{"rendered":"Behandlungsfelder f\u00fcr Erwachsene"},"content":{"rendered":"<p>[et_pb_section bb_built=&#8220;1&#8243; _builder_version=&#8220;3.4.1&#8243; use_background_color_gradient=&#8220;on&#8220; background_color_gradient_start=&#8220;#d31208&#8243; background_color_gradient_end=&#8220;#ef291f&#8220;][et_pb_row _builder_version=&#8220;3.0.47&#8243; background_size=&#8220;initial&#8220; background_position=&#8220;top_left&#8220; background_repeat=&#8220;repeat&#8220;][et_pb_column type=&#8220;4_4&#8243;][et_pb_slider _builder_version=&#8220;3.4.1&#8243; background_color=&#8220;rgba(255,255,255,0)&#8220; use_background_color_gradient=&#8220;on&#8220; background_color_gradient_start=&#8220;rgba(43,135,218,0)&#8220; background_color_gradient_end=&#8220;rgba(41,196,169,0)&#8220; custom_margin=&#8220;-90px||-69px|&#8220; animation_style=&#8220;fade&#8220; auto=&#8220;on&#8220; saved_tabs=&#8220;all&#8220;][et_pb_slide use_bg_overlay=&#8220;off&#8220; use_text_overlay=&#8220;off&#8220; _builder_version=&#8220;3.4.1&#8243; button_on_hover=&#8220;on&#8220;] <img decoding=\"async\" loading=\"lazy\" class=\"size-medium wp-image-13 aligncenter\" src=\"http:\/\/logopaedie-landt.de\/wp-content\/uploads\/2018\/05\/x143-1-300x225.jpg\" alt=\"\" width=\"300\" height=\"225\" srcset=\"https:\/\/logopaedie-landt.de\/wp-content\/uploads\/2018\/05\/x143-1-300x225.jpg 300w, https:\/\/logopaedie-landt.de\/wp-content\/uploads\/2018\/05\/x143-1-768x576.jpg 768w, https:\/\/logopaedie-landt.de\/wp-content\/uploads\/2018\/05\/x143-1-1024x768.jpg 1024w\" sizes=\"(max-width: 300px) 100vw, 300px\" \/><br \/>\n[\/et_pb_slide][\/et_pb_slider][et_pb_toggle title=&#8220;Sprache&#8220; open_toggle_text_color=&#8220;#000000&#8243; open_toggle_background_color=&#8220;#ffffff&#8220; closed_toggle_text_color=&#8220;#000000&#8243; closed_toggle_background_color=&#8220;#ffffff&#8220; _builder_version=&#8220;3.4.1&#8243; title_level=&#8220;h3&#8243; title_font=&#8220;Arial||||||||&#8220; inline_fonts=&#8220;Arial&#8220;]<\/p>\n<p><span style=\"color: #000000; font-family: Arial; font-weight: normal; font-size: large;\">Sprachsystem, Aphasie<\/span><\/p>\n<p><span style=\"color: #000000; font-family: Arial; font-weight: normal; font-size: large;\">Symptome und Folgen<\/span><\/p>\n<p><span style=\"color: #000000; font-family: Arial; font-weight: normal; font-size: large;\">Sprachst\u00f6rungen im Erwachsenenalter k\u00f6nnen bei verschiedenen Grunderkrankungen, nach Unf\u00e4llen oder Komplikationen auftreten, wie z.B. Schlaganf\u00e4llen, Sch\u00e4del-Hirn-Verletzungen oder Hirnoperationen.<\/span><\/p>\n<p><span style=\"color: #000000; font-family: Arial; font-weight: normal; font-size: large;\">Die Schwierigkeiten k\u00f6nnen alle sprachlichen Modalit\u00e4ten betreffen, d.h. Sprechen, Verstehen, Lesen und Schreiben.<\/span><\/p>\n<p><span style=\"color: #000000; font-family: Arial; font-weight: normal; font-size: large;\">Beim Sprechen: W\u00f6rter \u201eliegen auf der Zunge\u201c, k\u00f6nnen aber nicht mehr benannt werden oder ein anderes Wort wird verwendet, das dem gesuchten \u00e4hnlich ist (z.B. \u201eStuhl\u201c statt \u201eTisch\u201c).<\/span><\/p>\n<p><span style=\"color: #000000; font-family: Arial; font-weight: normal; font-size: large;\">In W\u00f6rtern werden Buchstaben weggelassen, vertauscht oder hinzugef\u00fcgt, so dass sie gar nicht mehr verst\u00e4ndlich sind.<\/span><\/p>\n<p><span style=\"color: #000000; font-family: Arial; font-weight: normal; font-size: large;\">Die Aussprache klingt undeutlich und verwaschen.<\/span><\/p>\n<p><span style=\"color: #000000; font-family: Arial; font-weight: normal; font-size: large;\">Es treten grammatikalische Probleme auf, wie Satzabbr\u00fcche oder falsche Wortstellungen im Satz.<\/span><\/p>\n<p><span style=\"color: #000000; font-family: Arial; font-weight: normal; font-size: large;\">Beim Verstehen: Es kommt zu Schwierigkeiten, Gespr\u00e4chen inhaltlich zu folgen. Auch einzelne S\u00e4tze oder W\u00f6rter werden zum Teil nicht mehr verstanden.<\/span><\/p>\n<p><span style=\"color: #000000; font-family: Arial; font-weight: normal; font-size: large;\">Beim Lesen: Einzelne Buchstaben oder W\u00f6rter k\u00f6nnen nicht erkannt oder in Laute umgesetzt werden. Worte werden mit anderen verwechselt, die \u00e4hnlich klingen oder inhaltlich \u00e4hnlich sind.<\/span><\/p>\n<p><span style=\"color: #000000; font-family: Arial; font-weight: normal; font-size: large;\">Beim Schreiben: Einzelne Laute k\u00f6nnen nicht sicher in Buchstaben umgesetzt werden; W\u00f6rter werden durch andere, \u00e4hnlich geschriebene, ersetzt.<\/span><\/p>\n<p><span style=\"color: #000000; font-family: Arial; font-weight: normal; font-size: large;\">Unsere Therapie<\/span><\/p>\n<p><span style=\"color: #000000; font-family: Arial; font-weight: normal; font-size: large;\">Ziel der Behandlung ist, die Sprach- und Sprechf\u00e4higkeit zu verbessern, damit im Alltag wieder sprachliche Kommunikation m\u00f6glich ist.<\/span><\/p>\n<p><span style=\"color: #000000; font-family: Arial; font-weight: normal; font-size: large;\">Wir ermitteln durch spezielle Tests, welche Symptome vorliegen und analysieren die Ursachen dieser Sprachfehler. Dadurch ist es m\u00f6glich, mit der Therapie direkt an der St\u00f6rungsursache anzusetzen. Mit angepassten aktiven \u00dcbungen bauen wir soweit wie m\u00f6glich eine verbesserte Sprachf\u00e4higkeit auf.<\/span><br \/>\n<span style=\"color: #000000; font-family: Arial; font-weight: normal; font-size: large;\"> Da die Wiederherstellung meistens nicht vollst\u00e4ndig erreichbar ist, erarbeiten wir mit den Patienten auch Hilfsstrategien, um Gespr\u00e4chssituationen bew\u00e4ltigen zu k\u00f6nnen.<\/span><\/p>\n<p><span style=\"color: #000000; font-family: Arial; font-weight: normal; font-size: large;\">Bei Transport- oder Gehunf\u00e4higkeit kann die Behandlung als Hausbesuch erfolgen.<\/span><\/p>\n<p><span style=\"color: #000000; font-family: Arial; font-weight: normal; font-size: large;\">Wir wollen die aktive Teilhabe der Patienten am Leben und ihre Lebensqualit\u00e4t positiv ver\u00e4ndern.<\/span><\/p>\n<p>[\/et_pb_toggle][et_pb_toggle title=&#8220;Stimme&#8220; open_toggle_text_color=&#8220;#000000&#8243; open_toggle_background_color=&#8220;#ffffff&#8220; closed_toggle_text_color=&#8220;#000000&#8243; closed_toggle_background_color=&#8220;#ffffff&#8220; _builder_version=&#8220;3.4.1&#8243; title_level=&#8220;h3&#8243; title_font=&#8220;Arial||||||||&#8220; inline_fonts=&#8220;Arial&#8220;]<\/p>\n<p><span style=\"color: #000000; font-family: Arial; font-weight: normal; font-size: large;\">Stimmprobleme \u2013 Stimmst\u00f6rungen<\/span><\/p>\n<p><span style=\"color: #000000; font-family: Arial; font-weight: normal; font-size: large;\">Symptome und Folgen<\/span><\/p>\n<p><span style=\"color: #000000; font-family: Arial; font-weight: normal; font-size: large;\">Eine Stimmst\u00f6rung bei Erwachsenen kann nach au\u00dfergew\u00f6hnlichen oder dauerhaften Belastungen, nach starken Erk\u00e4ltungen, bei Erkrankungen des Kehlkopfs, gelegentlich bei Funktionsst\u00f6rungen der Halswirbelk\u00f6rper durch ein Schleudertrauma (Auffahrunfall), oder bei postoperativen Ver\u00e4nderungen entstehen. Auch gewohnheitsm\u00e4\u00dfig angespannte Halsmuskulatur wirkt sich auf die Stimme aus.<\/span><\/p>\n<p><span style=\"color: #000000; font-family: Arial; font-weight: normal; font-size: large;\">Unabh\u00e4ngig von der Ursache schr\u00e4nkt die Erkrankung in der Aus\u00fcbung des Berufes oder in der Kommunikation im Alltag sehr ein.<\/span><\/p>\n<p><span style=\"color: #000000; font-family: Arial; font-weight: normal; font-size: large;\">Ver\u00e4nderter Stimmklang: Die Stimme klingt anders als vorher. Sie kann heiserer, rauer, kr\u00e4chzender, piepsiger oder matter als fr\u00fcher klingen.<\/span><\/p>\n<p><span style=\"color: #000000; font-family: Arial; font-weight: normal; font-size: large;\">Nachlassende Leistungsf\u00e4higkeit: Schon nach kurzer Belastung k\u00f6nnen kranke Stimmen erm\u00fcden. H\u00e4ufige Beschwerden sind Sprechanstrengung, erh\u00f6hte Heiserkeit oder Einschr\u00e4nkungen der Lautst\u00e4rke.<\/span><\/p>\n<p><span style=\"color: #000000; font-family: Arial; font-weight: normal; font-size: large;\">Eingeschr\u00e4nkte Verst\u00e4ndlichkeit: In einzelnen Sprechsituationen \u2013 besonders am Telefon \u2013 kann der ver\u00e4nderte Stimmklang zu einer schlechteren Verst\u00e4ndlichkeit und h\u00e4ufigen R\u00fcckfragen der Gespr\u00e4chspartner f\u00fchren.<\/span><\/p>\n<p><span style=\"color: #000000; font-family: Arial; font-weight: normal; font-size: large;\">Druckgef\u00fchl, Schmerzen: Oft kommt es zu unangenehmen kratzenden, trockenen, dr\u00fcckenden Missempfindungen im Rachen; auch verbunden mit Hustenreiz und vermehrtem R\u00e4usperdrang.<\/span><\/p>\n<p><span style=\"color: #000000; font-family: Arial; font-weight: normal; font-size: large;\">Stimmlosigkeit (Aphonie): Die Stimme wird sehr leise bis tonlos, kann nur noch mit gro\u00dfer Anstrengung hervorge\u201cpresst\u201c werden \u2013 gelegentlich bleibt sie sogar \u00fcber einen l\u00e4ngeren Zeitraum v\u00f6llig weg.<\/span><\/p>\n<p><span style=\"color: #000000; font-family: Arial; font-weight: normal; font-size: large;\">Unsere Therapie<\/span><\/p>\n<p><span style=\"color: #000000; font-family: Arial; font-weight: normal; font-size: large;\">Ziel der Behandlung ist die Wiederherstellung und Stabilisierung der stimmlichen Leistungsf\u00e4higkeit. Wir leiten keine sture \u00dcbungsbehandlung an, sondern die \u201everstimmten\u201c Patienten lernen unter unserer Anleitung, sich selbst zu helfen.<\/span><\/p>\n<p><span style=\"color: #000000; font-family: Arial; font-weight: normal; font-size: large;\">In der Diagnostik erfragen wir Beginn und Verlauf der Beschwerden, untersuchen die Sprechstimme und Atmung, beurteilen Aussprache, Sprechtempo und Tonh\u00f6he, um einen individuellen Stimmstatus zu erstellen.<\/span><br \/>\n<span style=\"color: #000000; font-family: Arial; font-weight: normal; font-size: large;\"> Die eigene k\u00f6rperliche Verfassung, Haltung und Spannung bilden eine wesentliche Grundlage f\u00fcr die Stimmgebung. Ebenso wichtig ist die Atmung und Lufteinteilung als \u201eMotor\u201c der Stimme. Hier setzt unsere logop\u00e4dische Behandlung mit individuellen k\u00f6rperbezogenen \u00dcbungen an. Die Patienten lernen die eigenen Fehlhaltungen, Verspannungen, ihren Atemtyp und K\u00f6rpersprache zu ersp\u00fcren, und k\u00f6nnen sie mit unserer Unterst\u00fctzung \u00e4ndern und verbessern.<\/span><\/p>\n<p><span style=\"color: #000000; font-family: Arial; font-weight: normal; font-size: large;\">Gesamtk\u00f6rperliche Lockerungs- und Entspannungs\u00fcbungen \u2013 abgestimmt auf die einzelnen Patienten \u2013 gleichen Engstellungen im Hals-\/Rachenbereich aus; Atemvertiefung und verbesserte Resonanz entlastet die Kehlkopfmuskulatur.<\/span><\/p>\n<p><span style=\"color: #000000; font-family: Arial; font-weight: normal; font-size: large;\">Wir wollen dass Ihre Stimme wieder schwingen kann.<\/span><\/p>\n<p>[\/et_pb_toggle][et_pb_toggle title=&#8220;Schlucken&#8220; open_toggle_text_color=&#8220;#000000&#8243; open_toggle_background_color=&#8220;#ffffff&#8220; closed_toggle_text_color=&#8220;#000000&#8243; closed_toggle_background_color=&#8220;#ffffff&#8220; _builder_version=&#8220;3.4.1&#8243; title_level=&#8220;h3&#8243; title_font=&#8220;Arial||||||||&#8220; inline_fonts=&#8220;Arial&#8220;]<\/p>\n<p><span style=\"color: #000000; font-family: Arial; font-weight: normal; font-size: large;\">Schluckst\u00f6rung \u2013 Dysphagie<\/span><\/p>\n<p><span style=\"color: #000000; font-family: Arial; font-weight: normal; font-size: large;\">Symptome und Folgen<\/span><\/p>\n<p><span style=\"color: #000000; font-family: Arial; font-weight: normal; font-size: large;\">Verschiedenste Ursachen oder Grunderkrankungen k\u00f6nnen zu einer Schluckst\u00f6rung f\u00fchren. Durch zu schwaches, versp\u00e4tetes oder fehlgeleitetes Schlucken kommen Speichel, Nahrung und\/oder Fl\u00fcssigkeit \u201ein den falschen Hals\u201c.<\/span><\/p>\n<p><span style=\"color: #000000; font-family: Arial; font-weight: normal; font-size: large;\">In schweren F\u00e4llen, besonders bei augepr\u00e4gten Lungenkomplikationen, muss die orale Nahrungsaufnahme durch parenterale (intraven\u00f6s) oder Sondenern\u00e4hrung (PEG) ersetzt werden.<\/span><\/p>\n<p><span style=\"color: #000000; font-family: Arial; font-weight: normal; font-size: large;\">Verschlucken\/Penetration: Speisen oder Fl\u00fcssigkeiten dringen in den Kehlkopf ein und der Hustenreflex wird ausgel\u00f6st.<\/span><\/p>\n<p><span style=\"color: #000000; font-family: Arial; font-weight: normal; font-size: large;\">Aspiration, chronisch: Anhaltender Eintritt von Speisen oder Fl\u00fcssigkeiten bis in die Luftr\u00f6hre und Bronchien. Wenn dies dauernd geschieht, kann es zu Sch\u00e4den des Atemtrakts bis hin zur Lungenentz\u00fcndung f\u00fchren und in schweren F\u00e4llen lebensbedrohlich sein.<\/span><\/p>\n<p><span style=\"color: #000000; font-family: Arial; font-weight: normal; font-size: large;\">Charakteristische Anzeichen f\u00fcr Penetration oder Aspiration ist Husten w\u00e4hrend des Schluckens und gurgelndes Atemger\u00e4usch oder gurgelnder Stimmklang.<\/span><\/p>\n<p><span style=\"color: #000000; font-family: Arial; font-weight: normal; font-size: large;\">Aspiration, still: Wenn es trotz Aspiration nicht zum Ausl\u00f6sen des Hustenreflexes kommt, besteht die Gefahr, das Einsickern von Speichel oder Nahrung in die unteren Luftwege zu \u00fcbersehen.<\/span><\/p>\n<p><span style=\"color: #000000; font-family: Arial; font-weight: normal; font-size: large;\">Unsere Therapie<\/span><\/p>\n<p><span style=\"color: #000000; font-family: Arial; font-weight: normal; font-size: large;\">Ziel der Behandlung ist die Wiederherstellung der Schluckf\u00e4higkeit, bzw. das Erarbeiten von Hilfsstrategien zum sicheren Ausgleich der St\u00f6rung.<\/span><\/p>\n<p><span style=\"color: #000000; font-family: Arial; font-weight: normal; font-size: large;\">Das detaillierte Wissen unserer Dysphagietherapeutinnen \u00fcber die Vorg\u00e4nge beim ungest\u00f6rten Schlucken und dabei vorkommende Beeintr\u00e4chtigungen, bildet die Grundlage der Therapie. Bei der Diagnostik wird u.a. der Schluckakt beobachtet, die Ausl\u00f6sbarkeit von Schutzreflexen untersucht, die Zungenfunktion und alle anderen am Schluckakt beteiligten Muskeln \u00fcberpr\u00fcft.<\/span><\/p>\n<p><span style=\"color: #000000; font-family: Arial; font-weight: normal; font-size: large;\">In Zusammenarbeit mit den betroffenen Patienten, Angeh\u00f6rigen, Pflegekr\u00e4ften und \u00c4rzten treffen wir die ersten Vorsichtsma\u00dfnahmen, um Aspirationen zu vermeiden: Wir machen Vorschl\u00e4ge f\u00fcr die Gestaltung von Ess- und Trinksituationen,unterst\u00fctzende K\u00f6rperhaltungen beim Essen, Ver\u00e4nderung von Nahrungskonsistenzen.<\/span><\/p>\n<p><span style=\"color: #000000; font-family: Arial; font-weight: normal; font-size: large;\">An den Ursachen und Fehlfunktion erkennen wir, welche Strukturen besonders unterst\u00fctzt werden sollten. Wir helfen durch Stimulationen, trainieren patientenangepasste aktive Bewegungs\u00fcbungen, leiten Schlucktechniken an.<\/span><\/p>\n<p><span style=\"color: #000000; font-family: Arial; font-weight: normal; font-size: large;\">Bei Transport- und Gehunf\u00e4higkeit kann die Behandlung als Hausbesuch erfolgen.<\/span><\/p>\n<p><span style=\"color: #000000; font-family: Arial; font-weight: normal; font-size: large;\">Wir wollen den Betroffenen wieder ein H\u00f6chstma\u00df an Selbst\u00e4ndigkeit und Teilhaben am Alltagsleben erm\u00f6glichen.<\/span><\/p>\n<p>[\/et_pb_toggle][et_pb_toggle title=&#8220;Sprechen, Aussprache&#8220; open_toggle_text_color=&#8220;#000000&#8243; open_toggle_background_color=&#8220;#ffffff&#8220; closed_toggle_text_color=&#8220;#000000&#8243; closed_toggle_background_color=&#8220;#ffffff&#8220; _builder_version=&#8220;3.4.1&#8243; title_level=&#8220;h3&#8243; title_font=&#8220;Arial||||||||&#8220;]<\/p>\n<p>&nbsp;<\/p>\n<p>[\/et_pb_toggle][et_pb_toggle title=&#8220;Stottern&#8220; open_toggle_text_color=&#8220;#000000&#8243; open_toggle_background_color=&#8220;#ffffff&#8220; closed_toggle_text_color=&#8220;#000000&#8243; closed_toggle_background_color=&#8220;#ffffff&#8220; _builder_version=&#8220;3.4.1&#8243; title_level=&#8220;h3&#8243; title_font=&#8220;Arial||||||||&#8220;]<\/p>\n<p>&nbsp;<\/p>\n<p>[\/et_pb_toggle][\/et_pb_column][\/et_pb_row][\/et_pb_section]<\/p>\n","protected":false},"excerpt":{"rendered":"<p>[et_pb_section bb_built=&#8220;1&#8243; _builder_version=&#8220;3.4.1&#8243; use_background_color_gradient=&#8220;on&#8220; background_color_gradient_start=&#8220;#d31208&#8243; background_color_gradient_end=&#8220;#ef291f&#8220;][et_pb_row _builder_version=&#8220;3.0.47&#8243; background_size=&#8220;initial&#8220; background_position=&#8220;top_left&#8220; background_repeat=&#8220;repeat&#8220;][et_pb_column type=&#8220;4_4&#8243;][et_pb_slider _builder_version=&#8220;3.4.1&#8243; background_color=&#8220;rgba(255,255,255,0)&#8220; use_background_color_gradient=&#8220;on&#8220; background_color_gradient_start=&#8220;rgba(43,135,218,0)&#8220; background_color_gradient_end=&#8220;rgba(41,196,169,0)&#8220; custom_margin=&#8220;-90px||-69px|&#8220; animation_style=&#8220;fade&#8220; auto=&#8220;on&#8220; saved_tabs=&#8220;all&#8220;][et_pb_slide use_bg_overlay=&#8220;off&#8220; use_text_overlay=&#8220;off&#8220; _builder_version=&#8220;3.4.1&#8243; button_on_hover=&#8220;on&#8220;] [\/et_pb_slide][\/et_pb_slider][et_pb_toggle title=&#8220;Sprache&#8220; open_toggle_text_color=&#8220;#000000&#8243; open_toggle_background_color=&#8220;#ffffff&#8220; closed_toggle_text_color=&#8220;#000000&#8243; closed_toggle_background_color=&#8220;#ffffff&#8220; _builder_version=&#8220;3.4.1&#8243; title_level=&#8220;h3&#8243; title_font=&#8220;Arial||||||||&#8220; inline_fonts=&#8220;Arial&#8220;] Sprachsystem, Aphasie Symptome und Folgen Sprachst\u00f6rungen im Erwachsenenalter k\u00f6nnen bei verschiedenen Grunderkrankungen, nach Unf\u00e4llen oder Komplikationen auftreten, wie z.B. Schlaganf\u00e4llen, Sch\u00e4del-Hirn-Verletzungen [&hellip;]<\/p>\n","protected":false},"author":1,"featured_media":0,"parent":0,"menu_order":0,"comment_status":"closed","ping_status":"closed","template":"","meta":[],"_links":{"self":[{"href":"https:\/\/logopaedie-landt.de\/index.php?rest_route=\/wp\/v2\/pages\/90"}],"collection":[{"href":"https:\/\/logopaedie-landt.de\/index.php?rest_route=\/wp\/v2\/pages"}],"about":[{"href":"https:\/\/logopaedie-landt.de\/index.php?rest_route=\/wp\/v2\/types\/page"}],"author":[{"embeddable":true,"href":"https:\/\/logopaedie-landt.de\/index.php?rest_route=\/wp\/v2\/users\/1"}],"replies":[{"embeddable":true,"href":"https:\/\/logopaedie-landt.de\/index.php?rest_route=%2Fwp%2Fv2%2Fcomments&post=90"}],"version-history":[{"count":27,"href":"https:\/\/logopaedie-landt.de\/index.php?rest_route=\/wp\/v2\/pages\/90\/revisions"}],"predecessor-version":[{"id":452,"href":"https:\/\/logopaedie-landt.de\/index.php?rest_route=\/wp\/v2\/pages\/90\/revisions\/452"}],"wp:attachment":[{"href":"https:\/\/logopaedie-landt.de\/index.php?rest_route=%2Fwp%2Fv2%2Fmedia&parent=90"}],"curies":[{"name":"wp","href":"https:\/\/api.w.org\/{rel}","templated":true}]}}