{"id":478,"date":"2021-02-26T18:33:12","date_gmt":"2021-02-26T17:33:12","guid":{"rendered":"http:\/\/logopaedie-landt.de\/?page_id=478"},"modified":"2021-02-26T18:42:50","modified_gmt":"2021-02-26T17:42:50","slug":"freie-stellen","status":"publish","type":"page","link":"https:\/\/logopaedie-landt.de\/?page_id=478","title":{"rendered":"freie Stellen"},"content":{"rendered":"<p>[et_pb_section fb_built=&#8220;1&#8243; _builder_version=&#8220;3.0.47&#8243;][et_pb_row _builder_version=&#8220;3.0.47&#8243; background_size=&#8220;initial&#8220; background_position=&#8220;top_left&#8220; background_repeat=&#8220;repeat&#8220;][et_pb_column type=&#8220;4_4&#8243; _builder_version=&#8220;3.0.47&#8243; parallax=&#8220;off&#8220; parallax_method=&#8220;on&#8220;][et_pb_text _builder_version=&#8220;3.0.47&#8243; background_size=&#8220;initial&#8220; background_position=&#8220;top_left&#8220; background_repeat=&#8220;repeat&#8220;]<\/p>\n<p>&nbsp;<\/p>\n<p>&nbsp;<\/p>\n<p><strong>Liebe interessierte Logop\u00e4dinnen und Logop\u00e4den,<\/strong><\/p>\n<p><strong><\/strong><\/p>\n<p><strong>\u00a0<\/strong><strong>bei uns ist eine Stelle frei.<\/strong><\/p>\n<p><strong>\u00a0<\/strong><strong>Wer statt unpers\u00f6nlichem Klinik-\/Gro\u00dfpraxisbetrieb individuelle, erf\u00fcllende Aufgaben sucht, findet hier den passenden Job in Voll- oder Teilzeit:<\/strong><\/p>\n<p><strong>Logop\u00e4dische Praxis in Frankfurt Nieder-Eschbach,<\/strong><\/p>\n<p><strong>Niedereschbacher Stadtweg 29.<\/strong><\/p>\n<p>&nbsp;<\/p>\n<p>&nbsp;<\/p>\n<p><strong>Hier finden Sie:<\/strong><\/p>\n<p>&#8211; gro\u00dfz\u00fcgige, helle R\u00e4ume<\/p>\n<p>&#8211; ein nettes kleines Team und angenehmes Arbeitsklima<\/p>\n<p>&#8211; gute Ausstattung und Struktur<\/p>\n<p>&#8211; sorgf\u00e4ltige Einarbeitung<\/p>\n<p>&#8211; regelm\u00e4\u00dfige bezahlte Teambesprechungen<\/p>\n<p>&#8211; finanzielle Unterst\u00fctzung und Freistellung f\u00fcr Fortbildungen<\/p>\n<p>&#8211; M\u00f6glichkeit der Spezialisierung<\/p>\n<p>&#8211; ansprechendes Gehalt<\/p>\n<p>&nbsp;<\/p>\n<p>Nieder-Eschbach liegt im Norden von Frankfurt und hat einen<\/p>\n<p>U-Bahn-Anschluss mit den Linien U2 und U9. Die Praxis ist nur einige Gehminuten von der Haltestelle entfernt. Auch sehr angenehm fast autofrei mit dem Fahrrad zu erreichen (Abstellm\u00f6glichkeit in der Fahrradgarage).<\/p>\n<p>Auch Neu- und Wieder-Einsteiger\/innen sind herzlich willkommen.<\/p>\n<p>&nbsp;<\/p>\n<p>F\u00fcr R\u00fcckfragen stehe ich sehr gerne zur Verf\u00fcgung: 069 \/ 507 007 33<\/p>\n<p>oder <a href=\"mailto:mail@logopaedie-landt.de\">mail (at) logopaedie-landt.de<\/a><\/p>\n<p>Astrid Landt<\/p>\n<p>Ich freue mich auf Sie!<\/p>\n<p>[\/et_pb_text][\/et_pb_column][\/et_pb_row][\/et_pb_section]<\/p>\n","protected":false},"excerpt":{"rendered":"<p>[et_pb_section fb_built=&#8220;1&#8243; _builder_version=&#8220;3.0.47&#8243;][et_pb_row _builder_version=&#8220;3.0.47&#8243; background_size=&#8220;initial&#8220; background_position=&#8220;top_left&#8220; background_repeat=&#8220;repeat&#8220;][et_pb_column type=&#8220;4_4&#8243; _builder_version=&#8220;3.0.47&#8243; parallax=&#8220;off&#8220; parallax_method=&#8220;on&#8220;][et_pb_text _builder_version=&#8220;3.0.47&#8243; background_size=&#8220;initial&#8220; background_position=&#8220;top_left&#8220; background_repeat=&#8220;repeat&#8220;] &nbsp; &nbsp; Liebe interessierte Logop\u00e4dinnen und Logop\u00e4den, \u00a0bei uns ist eine Stelle frei. \u00a0Wer statt unpers\u00f6nlichem Klinik-\/Gro\u00dfpraxisbetrieb individuelle, erf\u00fcllende Aufgaben sucht, findet hier den passenden Job in Voll- oder Teilzeit: Logop\u00e4dische Praxis in Frankfurt Nieder-Eschbach, Niedereschbacher Stadtweg 29. &nbsp; &nbsp; [&hellip;]<\/p>\n","protected":false},"author":1,"featured_media":0,"parent":0,"menu_order":0,"comment_status":"closed","ping_status":"closed","template":"","meta":[],"_links":{"self":[{"href":"https:\/\/logopaedie-landt.de\/index.php?rest_route=\/wp\/v2\/pages\/478"}],"collection":[{"href":"https:\/\/logopaedie-landt.de\/index.php?rest_route=\/wp\/v2\/pages"}],"about":[{"href":"https:\/\/logopaedie-landt.de\/index.php?rest_route=\/wp\/v2\/types\/page"}],"author":[{"embeddable":true,"href":"https:\/\/logopaedie-landt.de\/index.php?rest_route=\/wp\/v2\/users\/1"}],"replies":[{"embeddable":true,"href":"https:\/\/logopaedie-landt.de\/index.php?rest_route=%2Fwp%2Fv2%2Fcomments&post=478"}],"version-history":[{"count":9,"href":"https:\/\/logopaedie-landt.de\/index.php?rest_route=\/wp\/v2\/pages\/478\/revisions"}],"predecessor-version":[{"id":490,"href":"https:\/\/logopaedie-landt.de\/index.php?rest_route=\/wp\/v2\/pages\/478\/revisions\/490"}],"wp:attachment":[{"href":"https:\/\/logopaedie-landt.de\/index.php?rest_route=%2Fwp%2Fv2%2Fmedia&parent=478"}],"curies":[{"name":"wp","href":"https:\/\/api.w.org\/{rel}","templated":true}]}}