{"id":37,"date":"2018-05-28T20:39:26","date_gmt":"2018-05-28T18:39:26","guid":{"rendered":"http:\/\/logopaedie-landt.de\/?page_id=37"},"modified":"2018-08-24T16:20:36","modified_gmt":"2018-08-24T14:20:36","slug":"allgemeine-infos","status":"publish","type":"page","link":"https:\/\/logopaedie-landt.de\/?page_id=37","title":{"rendered":"Allgemeine Infos"},"content":{"rendered":"<p>[et_pb_section fb_built=&#8220;1&#8243; _builder_version=&#8220;3.4.1&#8243; use_background_color_gradient=&#8220;on&#8220; background_color_gradient_start=&#8220;#d31208&#8243; background_color_gradient_end=&#8220;#ef291f&#8220;][et_pb_row _builder_version=&#8220;3.4.1&#8243;][et_pb_column type=&#8220;4_4&#8243; _builder_version=&#8220;3.0.47&#8243; parallax=&#8220;off&#8220; parallax_method=&#8220;on&#8220;][et_pb_slider show_pagination=&#8220;off&#8220; _builder_version=&#8220;3.4.1&#8243; header_font_size=&#8220;45&#8243; header_line_height=&#8220;3em&#8220; header_line_height_last_edited=&#8220;off|desktop&#8220; body_text_align=&#8220;center&#8220; background_color=&#8220;rgba(255,255,255,0)&#8220; use_background_color_gradient=&#8220;on&#8220; background_color_gradient_start=&#8220;rgba(43,135,218,0)&#8220; background_color_gradient_end=&#8220;rgba(41,196,169,0)&#8220; button_alignment=&#8220;center&#8220; custom_margin=&#8220;-101px||57px|&#8220; saved_tabs=&#8220;all&#8220;][et_pb_slide use_bg_overlay=&#8220;off&#8220; use_text_overlay=&#8220;off&#8220; _builder_version=&#8220;3.4.1&#8243; button_on_hover=&#8220;on&#8220; text_orientation=&#8220;justified&#8220;]<img decoding=\"async\" loading=\"lazy\" class=\"size-medium wp-image-175 aligncenter\" src=\"http:\/\/logopaedie-landt.de\/wp-content\/uploads\/2018\/06\/Sprache-300x171.jpg\" alt=\"\" width=\"300\" height=\"171\" srcset=\"https:\/\/logopaedie-landt.de\/wp-content\/uploads\/2018\/06\/Sprache-300x171.jpg 300w, https:\/\/logopaedie-landt.de\/wp-content\/uploads\/2018\/06\/Sprache.jpg 621w\" sizes=\"(max-width: 300px) 100vw, 300px\" \/> [\/et_pb_slide][et_pb_slide use_bg_overlay=&#8220;off&#8220; use_text_overlay=&#8220;off&#8220; _builder_version=&#8220;3.4.1&#8243; button_on_hover=&#8220;on&#8220;]<\/p>\n<p><img decoding=\"async\" loading=\"lazy\" class=\"size-medium wp-image-174 aligncenter\" src=\"http:\/\/logopaedie-landt.de\/wp-content\/uploads\/2018\/06\/Sprechen-1-300x170.jpg\" alt=\"\" width=\"304\" height=\"172\" srcset=\"https:\/\/logopaedie-landt.de\/wp-content\/uploads\/2018\/06\/Sprechen-1-300x170.jpg 300w, https:\/\/logopaedie-landt.de\/wp-content\/uploads\/2018\/06\/Sprechen-1.jpg 626w\" sizes=\"(max-width: 304px) 100vw, 304px\" \/><\/p>\n<p>[\/et_pb_slide][et_pb_slide use_bg_overlay=&#8220;off&#8220; use_text_overlay=&#8220;off&#8220; _builder_version=&#8220;3.4.1&#8243; button_on_hover=&#8220;on&#8220;]<\/p>\n<p><img decoding=\"async\" loading=\"lazy\" src=\"http:\/\/logopaedie-landt.de\/wp-content\/uploads\/2018\/08\/010-300x217.jpg\" width=\"300\" height=\"217\" alt=\"\" class=\"wp-image-455 alignnone size-medium\" srcset=\"https:\/\/logopaedie-landt.de\/wp-content\/uploads\/2018\/08\/010-300x217.jpg 300w, https:\/\/logopaedie-landt.de\/wp-content\/uploads\/2018\/08\/010-768x556.jpg 768w, https:\/\/logopaedie-landt.de\/wp-content\/uploads\/2018\/08\/010-1024x742.jpg 1024w, https:\/\/logopaedie-landt.de\/wp-content\/uploads\/2018\/08\/010-1080x782.jpg 1080w, https:\/\/logopaedie-landt.de\/wp-content\/uploads\/2018\/08\/010.jpg 1937w\" sizes=\"(max-width: 300px) 100vw, 300px\" \/><\/p>\n<p>[\/et_pb_slide][\/et_pb_slider][et_pb_slider show_arrows=&#8220;off&#8220; _builder_version=&#8220;3.4.1&#8243; header_font_size=&#8220;45&#8243; header_line_height=&#8220;3em&#8220; header_line_height_last_edited=&#8220;off|desktop&#8220; body_text_align=&#8220;center&#8220; background_color=&#8220;rgba(255,255,255,0)&#8220; use_background_color_gradient=&#8220;on&#8220; background_color_gradient_start=&#8220;rgba(43,135,218,0)&#8220; background_color_gradient_end=&#8220;rgba(41,196,169,0)&#8220; button_alignment=&#8220;center&#8220; custom_margin=&#8220;-90px||-69px|&#8220; saved_tabs=&#8220;all&#8220;][\/et_pb_slider][et_pb_toggle title=&#8220;Wer braucht Logop\u00e4die?&#8220; open_toggle_text_color=&#8220;#000000&#8243; open_toggle_background_color=&#8220;#ffffff&#8220; closed_toggle_text_color=&#8220;#000000&#8243; closed_toggle_background_color=&#8220;#ffffff&#8220; _builder_version=&#8220;3.4.1&#8243; title_level=&#8220;h3&#8243; title_font=&#8220;Arial||||||||&#8220; title_text_color=&#8220;#000000&#8243; body_font=&#8220;||||||||&#8220; body_text_color=&#8220;#000000&#8243; inline_fonts=&#8220;Arial&#8220;]<\/p>\n<ul>\n<li><span style=\"font-family: Arial; font-weight: normal; font-size: large;\"><strong>Kinder mit Sprach- und Sprechst\u00f6rungen<\/strong> (verz\u00f6gerter Spracherwerb, geringer Wortschatz oder grammatikalische Probleme, Aussprachest\u00f6rungen).<\/span><\/li>\n<li><span style=\"font-family: Arial; font-weight: normal; font-size: large;\">Kinder mit angeborenen<strong> Fehlbildungen im Gesichtsbereich<\/strong>.<\/span><\/li>\n<li><span style=\"font-family: Arial; font-weight: normal; font-size: large;\">Menschen mit <strong>H\u00f6rst\u00f6rungen<\/strong> oder auditiven Wahrnehmungsst\u00f6rungen in jedem Lebensalter.<\/span><\/li>\n<li><span style=\"font-family: Arial; font-weight: normal; font-size: large;\">Kinder, Jugendliche und Erwachsene mit <strong>Redefluss-St\u00f6rungen, z.B. Stottern<\/strong>.<\/span><\/li>\n<li><span style=\"font-family: Arial; font-weight: normal; font-size: large;\"><strong>Erwachsene mit Sprach- und Sprechst\u00f6rungen<\/strong> (nach Schlaganfall, Unfall, Operationen oder aufgrund neurologischer Erkrankungen).<\/span><\/li>\n<li><span style=\"font-family: Arial; font-weight: normal; font-size: large;\">Alle, die unter h\u00e4ufigem <strong>Verschlucken<\/strong> leiden (Dysphagie) oder bei denen ein <strong>Ungleichgewicht der Mundmuskulatur<\/strong> vorliegt (MFS).<\/span><\/li>\n<li><span style=\"font-family: Arial; font-weight: normal; font-size: large;\">Kinder und Erwachsene mit <strong>Stimmst\u00f6rungen<\/strong> oder eingeschr\u00e4nkter Belastbarkeit der Stimme.<\/span><\/li>\n<li><span style=\"font-family: Arial; font-weight: normal; font-size: large;\">Menschen mit geistiger oder mehrfacher <strong>Behinderung<\/strong> in jedem Alter.<\/span><\/li>\n<\/ul>\n<p>[\/et_pb_toggle][et_pb_toggle title=&#8220;Wie bekomme ich eine logop\u00e4dische Behandlung?&#8220; open_toggle_text_color=&#8220;#000000&#8243; open_toggle_background_color=&#8220;#ffffff&#8220; closed_toggle_text_color=&#8220;#000000&#8243; closed_toggle_background_color=&#8220;#ffffff&#8220; _builder_version=&#8220;3.4.1&#8243; title_level=&#8220;h3&#8243; title_font=&#8220;Arial||||||||&#8220; title_text_color=&#8220;#000000&#8243; body_font=&#8220;||||||||&#8220; body_text_color=&#8220;#000000&#8243; inline_fonts=&#8220;Arial&#8220;]<span style=\"font-size: large; font-family: Arial; font-weight: normal;\">Die Logop\u00e4die ist ein Teil der medizinischen Grundversorgung. Deshalb kann die logop\u00e4dische Behandlung von einem Arzt verordnet werden.<\/span> <span style=\"font-size: large; font-family: Arial; font-weight: normal;\">Bei Kindern ist dies meist der Kinderarzt, Zahnarzt oder Kieferorthop\u00e4de. Bei Erwachsenen erfolgt die Verordnung vom Hausarzt oder von Fach\u00e4rzten, wie z.B. Hals-Nasen-Ohren-Arzt, Neurologe oder Phoniater.<\/span> <span style=\"font-size: large; font-family: Arial; font-weight: normal;\">Auf der Basis dieser \u00e4rztlichen Verordnung setzen wir therapeutische Ma\u00dfnahmen zur Behandlung ein.<\/span> <span style=\"font-size: large; font-family: Arial; font-weight: normal;\">Meistens verordnen die \u00c4rzte 10 Termine am St\u00fcck.<\/span> <span style=\"font-size: large; font-family: Arial; font-weight: normal;\">Es ist aber auch m\u00f6glich, zun\u00e4chst mit 3 Sitzungen abzukl\u00e4ren, ob eine logop\u00e4dische Therapie \u00fcberhaupt notwendig ist.<\/span><br \/>\n[\/et_pb_toggle][et_pb_toggle title=&#8220;Wie lange dauert eine logop\u00e4dische Behandlung?&#8220; open_toggle_text_color=&#8220;#000000&#8243; open_toggle_background_color=&#8220;#ffffff&#8220; closed_toggle_text_color=&#8220;#000000&#8243; closed_toggle_background_color=&#8220;#ffffff&#8220; _builder_version=&#8220;3.4.1&#8243; title_level=&#8220;h3&#8243; title_font=&#8220;Arial||||||||&#8220; inline_fonts=&#8220;Arial&#8220;]<span style=\"color: #000000; font-size: large; font-family: Arial;\">Ziel der Logop\u00e4die ist es, Beschwerden oder Einschr\u00e4nkungen zu beheben oder den fortschreitenden Verlauf einer Erkrankung aufzuhalten. Da jeder Mensch besonders und die Krankheiten unterschiedlich sind, kann man keine genaue Vorhersage treffen, wann die Besserung erreicht wird.<\/span> <span style=\"color: #000000; font-size: large; font-family: Arial;\">Bei einigen Diagnosen wie z.B. gest\u00f6rter oder verz\u00f6gerter Spracherwerb bei Kindern oder Aphasie nach einem Schlaganfall ist die Behandlung zum Teil langwierig.<\/span> <span style=\"color: #000000; font-size: large; font-family: Arial;\">Neben der medizinischen Notwendigkeit spielt auch der soziale Aspekt eine wichtige Rolle: Schlie\u00dflich wollen wir, dass Sie sich wieder wohlf\u00fchlen und sich mit ihrer Umwelt verst\u00e4ndigen, am Alltagsleben teilnehmen oder beruflich wieder Fu\u00df fassen k\u00f6nnen.<\/span><br \/>\n[\/et_pb_toggle][et_pb_toggle title=&#8220;Hausbesuche&#8220; open_toggle_text_color=&#8220;#000000&#8243; open_toggle_background_color=&#8220;#ffffff&#8220; closed_toggle_text_color=&#8220;#000000&#8243; closed_toggle_background_color=&#8220;#ffffff&#8220; _builder_version=&#8220;3.4.1&#8243; title_level=&#8220;h3&#8243; title_font=&#8220;Arial||||||||&#8220; inline_fonts=&#8220;Arial&#8220;]<span style=\"color: #000000; font-family: Arial; font-weight: normal; font-size: large;\">Wir f\u00fchren Hausbesuche im n\u00e4heren Umkreis durch.<\/span> <span style=\"color: #000000; font-family: Arial; font-weight: normal; font-size: large;\">Der Arzt kann einen Hausbesuch verordnen, wenn er medizinisch notwendig ist oder wenn ein Patient die logop\u00e4dische Praxis aus medizinischen Gr\u00fcnden nicht aufsuchen kann.<\/span><br \/>\n[\/et_pb_toggle][\/et_pb_column][\/et_pb_row][\/et_pb_section]<\/p>\n","protected":false},"excerpt":{"rendered":"<p>[et_pb_section fb_built=&#8220;1&#8243; _builder_version=&#8220;3.4.1&#8243; use_background_color_gradient=&#8220;on&#8220; background_color_gradient_start=&#8220;#d31208&#8243; background_color_gradient_end=&#8220;#ef291f&#8220;][et_pb_row _builder_version=&#8220;3.4.1&#8243;][et_pb_column type=&#8220;4_4&#8243; _builder_version=&#8220;3.0.47&#8243; parallax=&#8220;off&#8220; parallax_method=&#8220;on&#8220;][et_pb_slider show_pagination=&#8220;off&#8220; _builder_version=&#8220;3.4.1&#8243; header_font_size=&#8220;45&#8243; header_line_height=&#8220;3em&#8220; header_line_height_last_edited=&#8220;off|desktop&#8220; body_text_align=&#8220;center&#8220; background_color=&#8220;rgba(255,255,255,0)&#8220; use_background_color_gradient=&#8220;on&#8220; background_color_gradient_start=&#8220;rgba(43,135,218,0)&#8220; background_color_gradient_end=&#8220;rgba(41,196,169,0)&#8220; button_alignment=&#8220;center&#8220; custom_margin=&#8220;-101px||57px|&#8220; saved_tabs=&#8220;all&#8220;][et_pb_slide use_bg_overlay=&#8220;off&#8220; use_text_overlay=&#8220;off&#8220; _builder_version=&#8220;3.4.1&#8243; button_on_hover=&#8220;on&#8220; text_orientation=&#8220;justified&#8220;] [\/et_pb_slide][et_pb_slide use_bg_overlay=&#8220;off&#8220; use_text_overlay=&#8220;off&#8220; _builder_version=&#8220;3.4.1&#8243; button_on_hover=&#8220;on&#8220;] [\/et_pb_slide][et_pb_slide use_bg_overlay=&#8220;off&#8220; use_text_overlay=&#8220;off&#8220; _builder_version=&#8220;3.4.1&#8243; button_on_hover=&#8220;on&#8220;] [\/et_pb_slide][\/et_pb_slider][et_pb_slider show_arrows=&#8220;off&#8220; _builder_version=&#8220;3.4.1&#8243; header_font_size=&#8220;45&#8243; header_line_height=&#8220;3em&#8220; header_line_height_last_edited=&#8220;off|desktop&#8220; body_text_align=&#8220;center&#8220; background_color=&#8220;rgba(255,255,255,0)&#8220; use_background_color_gradient=&#8220;on&#8220; background_color_gradient_start=&#8220;rgba(43,135,218,0)&#8220; background_color_gradient_end=&#8220;rgba(41,196,169,0)&#8220; button_alignment=&#8220;center&#8220; custom_margin=&#8220;-90px||-69px|&#8220; saved_tabs=&#8220;all&#8220;][\/et_pb_slider][et_pb_toggle title=&#8220;Wer braucht [&hellip;]<\/p>\n","protected":false},"author":1,"featured_media":0,"parent":0,"menu_order":0,"comment_status":"closed","ping_status":"closed","template":"","meta":[],"_links":{"self":[{"href":"https:\/\/logopaedie-landt.de\/index.php?rest_route=\/wp\/v2\/pages\/37"}],"collection":[{"href":"https:\/\/logopaedie-landt.de\/index.php?rest_route=\/wp\/v2\/pages"}],"about":[{"href":"https:\/\/logopaedie-landt.de\/index.php?rest_route=\/wp\/v2\/types\/page"}],"author":[{"embeddable":true,"href":"https:\/\/logopaedie-landt.de\/index.php?rest_route=\/wp\/v2\/users\/1"}],"replies":[{"embeddable":true,"href":"https:\/\/logopaedie-landt.de\/index.php?rest_route=%2Fwp%2Fv2%2Fcomments&post=37"}],"version-history":[{"count":67,"href":"https:\/\/logopaedie-landt.de\/index.php?rest_route=\/wp\/v2\/pages\/37\/revisions"}],"predecessor-version":[{"id":458,"href":"https:\/\/logopaedie-landt.de\/index.php?rest_route=\/wp\/v2\/pages\/37\/revisions\/458"}],"wp:attachment":[{"href":"https:\/\/logopaedie-landt.de\/index.php?rest_route=%2Fwp%2Fv2%2Fmedia&parent=37"}],"curies":[{"name":"wp","href":"https:\/\/api.w.org\/{rel}","templated":true}]}}