{"id":25,"date":"2018-05-28T18:10:57","date_gmt":"2018-05-28T16:10:57","guid":{"rendered":"http:\/\/logopaedie-landt.de\/?page_id=25"},"modified":"2020-04-28T19:37:13","modified_gmt":"2020-04-28T17:37:13","slug":"start","status":"publish","type":"page","link":"https:\/\/logopaedie-landt.de\/","title":{"rendered":"Start"},"content":{"rendered":"<p>[et_pb_section fb_built=&#8220;1&#8243; _builder_version=&#8220;3.4.1&#8243; background_color=&#8220;rgba(224,34,24,0.85)&#8220; use_background_color_gradient=&#8220;on&#8220; background_color_gradient_start=&#8220;#d31208&#8243; background_color_gradient_end=&#8220;#ef291f&#8220; parallax=&#8220;on&#8220; global_module=&#8220;343&#8243;][et_pb_row custom_padding=&#8220;32.6px|21px|29px|39px|false|false&#8220; _builder_version=&#8220;3.4.1&#8243; background_size=&#8220;initial&#8220; background_position=&#8220;top_left&#8220; background_repeat=&#8220;repeat&#8220; module_alignment=&#8220;center&#8220;][et_pb_column type=&#8220;1_2&#8243; _builder_version=&#8220;3.0.47&#8243; parallax=&#8220;off&#8220; parallax_method=&#8220;on&#8220;][et_pb_text _builder_version=&#8220;3.4.1&#8243;]<\/p>\n<p><img decoding=\"async\" loading=\"lazy\" class=\"alignnone size-medium wp-image-236\" src=\"http:\/\/logopaedie-landt.de\/wp-content\/uploads\/2018\/06\/trans3-300x216.png\" alt=\"\" width=\"300\" height=\"216\" srcset=\"https:\/\/logopaedie-landt.de\/wp-content\/uploads\/2018\/06\/trans3-300x216.png 300w, https:\/\/logopaedie-landt.de\/wp-content\/uploads\/2018\/06\/trans3-768x552.png 768w, https:\/\/logopaedie-landt.de\/wp-content\/uploads\/2018\/06\/trans3.png 973w\" sizes=\"(max-width: 300px) 100vw, 300px\" \/><\/p>\n<p>[\/et_pb_text][\/et_pb_column][et_pb_column type=&#8220;1_2&#8243; _builder_version=&#8220;3.0.47&#8243; parallax=&#8220;off&#8220; parallax_method=&#8220;on&#8220;][et_pb_image src=&#8220;http:\/\/logopaedie-landt.de\/wp-content\/uploads\/2018\/06\/DSC00845.jpg&#8220; align=&#8220;right&#8220; _builder_version=&#8220;3.4.1&#8243; custom_margin=&#8220;|-23px||&#8220;]<\/p>\n<p>\u00a0<\/p>\n<p>[\/et_pb_image][\/et_pb_column][\/et_pb_row][et_pb_row custom_padding=&#8220;32.6px|0px|0|0px|false|false&#8220; _builder_version=&#8220;3.4.1&#8243; background_size=&#8220;initial&#8220; background_position=&#8220;top_left&#8220; background_repeat=&#8220;repeat&#8220; border_radii=&#8220;on|2px|2px|2px|2px&#8220;][et_pb_column type=&#8220;4_4&#8243; _builder_version=&#8220;3.0.47&#8243; parallax=&#8220;off&#8220; parallax_method=&#8220;on&#8220;][et_pb_text _builder_version=&#8220;3.4.1&#8243; text_text_color=&#8220;#000000&#8243; header_text_align=&#8220;center&#8220; background_color=&#8220;#ffffff&#8220; border_radii=&#8220;|0px|0px||0px&#8220; text_orientation=&#8220;center&#8220; custom_margin=&#8220;|0px||0px&#8220;]<\/p>\n<h3>\u00a0<\/h3>\n<h3><span style=\"color: #e02b20;\"><strong>Alle Einrichtungen des Gesundheitswesens bleiben unter Beachtung der gestiegenen hygienischen Anforderungen ge\u00f6ffnet.<\/strong><\/span><\/h3>\n<p><span style=\"color: #e02b20;\"><strong>Die konkreten Hygiene-Schutzma\u00dfnahmen der Praxis haben wir angepasst:<br \/>Abstand einhalten<br \/>Nies-\/Tr\u00f6pfchenschutz aus Plexiglas<br \/>ausreichend Desinfektionsmittel<\/strong><\/span><\/p>\n<p><span style=\"color: #e02b20;\"><strong><\/strong><\/span><\/p>\n<h3><span style=\"color: #ffffff;\"><span style=\"color: #000000;\"><strong>Herzlich Willkom<\/strong><strong>men!<\/strong><\/span><\/span><\/h3>\n<h3><span style=\"color: #000000; font-size: large;\">In der logop\u00e4dischen Praxis Landt behandeln wir mit Herz und Verstand: <\/span><\/h3>\n<h3><span style=\"color: #000000; font-size: large;\">Wir k\u00f6nnen Probleme beim Sprechen, der Stimme oder beim Schlucken untersuchen, <\/span><\/h3>\n<h3><span style=\"color: #000000;\"><span style=\"font-size: large;\">erkennen, und gemeinsam mit allen Betroffenen L\u00f6sungen und Hilfen erarbeiten.<\/span> <\/span><\/h3>\n<p><span style=\"color: #000000; font-size: large;\"><strong>Wir h\u00f6ren Ihnen zu.<\/strong><\/span><\/p>\n<p><span style=\"color: #000000; font-size: large;\"><strong><\/strong><\/span><\/p>\n<p><span style=\"color: #000000; font-size: large;\"><strong>Raum f\u00fcr Rechtschreibung.<\/strong><\/span><\/p>\n<p><span style=\"color: #000000; font-size: large;\"><strong><\/strong><\/span><\/p>\n<p>[\/et_pb_text][et_pb_toggle title=&#8220;Praxisleiterin Astrid Landt&#8220; open_toggle_text_color=&#8220;#000000&#8243; open_toggle_background_color=&#8220;#ffffff&#8220; closed_toggle_text_color=&#8220;#000000&#8243; closed_toggle_background_color=&#8220;#ffffff&#8220; _builder_version=&#8220;3.4.1&#8243; title_level=&#8220;h3&#8243; title_font=&#8220;||||||||&#8220; title_text_color=&#8220;#ffffff&#8220; background_color=&#8220;#ffffff&#8220;]<\/p>\n<p style=\"margin-bottom: 0.3cm; line-height: 150%;\"><span style=\"font-family: Arial, serif; color: #ffffff; font-size: medium;\"><img decoding=\"async\" loading=\"lazy\" class=\"alignnone size-medium wp-image-17\" src=\"http:\/\/logopaedie-landt.de\/wp-content\/uploads\/2018\/05\/150-1-300x225.jpg\" alt=\"\" width=\"376\" height=\"281\" srcset=\"https:\/\/logopaedie-landt.de\/wp-content\/uploads\/2018\/05\/150-1-300x225.jpg 300w, https:\/\/logopaedie-landt.de\/wp-content\/uploads\/2018\/05\/150-1-768x576.jpg 768w, https:\/\/logopaedie-landt.de\/wp-content\/uploads\/2018\/05\/150-1-1024x768.jpg 1024w\" sizes=\"(max-width: 376px) 100vw, 376px\" \/><\/span><\/p>\n<p style=\"margin-bottom: 0.3cm; line-height: 150%;\"><span style=\"font-family: Arial, serif; color: #000000; font-size: medium;\">2006 Praxisgr\u00fcndung in Frankfurt Nieder-Eschbach.<\/span><\/p>\n<p style=\"margin-bottom: 0.3cm; line-height: 150%;\"><span style=\"font-family: Arial, serif; color: #000000; font-size: medium;\">Ich therapiere alle logop\u00e4dischen Behandlungsfelder und habe mich in den folgenden Bereichen besonders weitergebildet:<\/span><\/p>\n<p style=\"margin-bottom: 0.3cm; line-height: 150%;\"><span style=\"color: #000000;\"><a style=\"color: #000000;\" name=\"_GoBack\"><\/a> <span style=\"font-family: Arial, serif;\"><span style=\"font-size: medium;\">Myofunktionelle Therapie (MFT) f\u00fcr Kinder, Jugendliche und Erwachsene mit Muskelfunktionsst\u00f6rungen im Gesichts-, Lippen- und Zungenbereich. Ich arbeite wahrnehmungs- und k\u00f6rperorientiert und habe ein multifunktionales, erfolgreiches Behandlungskonzept f\u00fcr meine Praxis erarbeitet. Dabei setze ich bei Bedarf und zum Abbau von Lutsch- oder Bei\u00dfgewohnheiten zus\u00e4tzlich auch Trainingsger\u00e4te ein, die im Mund getragen werden (intraoral).<\/span><\/span><\/span><\/p>\n<p style=\"margin-bottom: 0.3cm; line-height: 150%;\"><span style=\"font-family: Arial, serif; color: #000000; font-size: medium;\">Verbesserung von Aussprache und Verst\u00e4ndlichkeit bei Kindern und Erwachsenen.<\/span><\/p>\n<p style=\"margin-bottom: 0.3cm; line-height: 150%;\"><span style=\"font-family: Arial, serif; color: #000000; font-size: medium;\">Erweiterung von Wortschatz und Grammatikaufbau bei Kindern in der Sprachentwicklung.<\/span><\/p>\n<p style=\"margin-bottom: 0.3cm; line-height: 150%;\"><span style=\"color: #000000;\">\u201e<span style=\"font-family: Arial, serif;\"><span style=\"font-size: medium;\">Schweigenden\u201c Kindern Mut zum Sprechen geben.<\/span><\/span><\/span><\/p>\n<p style=\"margin-bottom: 0.3cm; line-height: 150%;\"><span style=\"font-family: Arial, serif; color: #000000; font-size: medium;\">Entwicklungsstottern, Sprechunfl\u00fcssigkeiten.<\/span><\/p>\n<p style=\"margin-bottom: 0.3cm; line-height: 150%;\"><span style=\"font-family: Arial, serif; color: #000000; font-size: medium;\">Stimmtherapie bei Erwachsenen; besonders durch Atemrhythmusanpassung, funktionelle Ans\u00e4tze und manuelle Behandlungen.<\/span><\/p>\n<p style=\"margin-bottom: 0.3cm; line-height: 150%;\"><span style=\"color: #000000;\"><span style=\"font-family: Arial, serif; font-size: medium;\">Veranstaltung regelm\u00e4\u00dfiger Elternabende zu verschiedenen Themen.<\/span> <span style=\"font-family: Arial, serif; font-size: medium;\">ErzieherInnen-Fortbildung \u201eSprachreich\u201c direkt in der Kita.<\/span><\/span><\/p>\n<p style=\"margin-bottom: 0.3cm; line-height: 150%;\"><span style=\"color: #000000;\"><span style=\"font-family: Arial, serif; font-size: medium;\">Leiterin der Rechtschreibkurse.<\/span><\/span><\/p>\n<p style=\"margin-bottom: 0.3cm; line-height: 150%;\"><span style=\"color: #000000;\"><span style=\"font-family: Arial, serif; font-size: medium;\">Logop\u00e4disch-palliative Unterst\u00fctzung am Lebensende.<\/span><\/span><\/p>\n<p>[\/et_pb_toggle][et_pb_toggle title=&#8220;Susanne Henke&#8220; open_toggle_text_color=&#8220;#000000&#8243; open_toggle_background_color=&#8220;#ffffff&#8220; closed_toggle_text_color=&#8220;#000000&#8243; closed_toggle_background_color=&#8220;#ffffff&#8220; _builder_version=&#8220;3.4.1&#8243; title_level=&#8220;h3&#8243; title_font=&#8220;||||||||&#8220; title_text_color=&#8220;#ffffff&#8220;]<\/p>\n<p style=\"margin-bottom: 0.3cm; line-height: 150%;\"><span style=\"font-family: Arial, serif; color: #000000; font-size: medium;\"><span style=\"font-family: Arial, serif;\"><img decoding=\"async\" loading=\"lazy\" class=\"alignnone size-medium wp-image-10\" src=\"http:\/\/logopaedie-landt.de\/wp-content\/uploads\/2018\/05\/x108-1-300x221.jpg\" alt=\"\" width=\"374\" height=\"276\" srcset=\"https:\/\/logopaedie-landt.de\/wp-content\/uploads\/2018\/05\/x108-1-300x221.jpg 300w, https:\/\/logopaedie-landt.de\/wp-content\/uploads\/2018\/05\/x108-1-768x566.jpg 768w, https:\/\/logopaedie-landt.de\/wp-content\/uploads\/2018\/05\/x108-1-1024x754.jpg 1024w\" sizes=\"(max-width: 374px) 100vw, 374px\" \/><\/span><\/span><\/p>\n<p><span style=\"color: #000000; font-size: large;\">Logop\u00e4din seit 2003<\/span><\/p>\n<p><span style=\"color: #000000; font-size: large;\">Ich therapiere alle logop\u00e4dischen Behandlungsfelder. Meine besonderen Qualifikationen sind:<br \/>Verbesserung von Aussprache und Verst\u00e4ndlichkeit bei Kindern und Erwachsenen.<br \/>Erweiterung von Wortschatz und Grammatikaufbau bei Kindern in der Sprachentwicklung.<br \/>F\u00f6rderung von Kindern mit kognitiven R\u00fcckst\u00e4nden in sprachrelevanten Bereichen.<br \/>Redefl\u00fcssigkeit herstellen (Stottertherapie); auch schon f\u00fcr Kinder von 2 bis 6 Jahren.<br \/>Schlucktherapie (Dysphagie) bei Erwachsenen und Kindern: Erkennen von Komplikationen, Beratung zu sicherer Ern\u00e4hrung f\u00fcr die Patienten und ihre Angeh\u00f6rigen.<br \/>Sprachtherapie bei Erwachsenen nach Schlaganf\u00e4llen oder Hirnverletzungen (Aphasie).<br \/>Stimmtherapie bei Kindern und Erwachsenen; eingebunden in eine ganzheitliche Konzeption.<br \/>Erfahrung mit tiefgreifenden Entwicklungsst\u00f6rungen wie Autismus und Behinderungen wie Down Syndrom<\/span><\/p>\n<p>[\/et_pb_toggle][et_pb_toggle title=&#8220;Cornelia Bartels&#8220; open_toggle_text_color=&#8220;#000000&#8243; open_toggle_background_color=&#8220;#ffffff&#8220; closed_toggle_text_color=&#8220;#000000&#8243; closed_toggle_background_color=&#8220;#ffffff&#8220; _builder_version=&#8220;3.4.1&#8243; title_level=&#8220;h3&#8243; title_text_color=&#8220;#ffffff&#8220;]<\/p>\n<p><img decoding=\"async\" loading=\"lazy\" class=\"alignnone size-medium wp-image-186\" src=\"http:\/\/logopaedie-landt.de\/wp-content\/uploads\/2018\/06\/DSC00862-300x217.jpg\" alt=\"\" width=\"375\" height=\"271\" srcset=\"https:\/\/logopaedie-landt.de\/wp-content\/uploads\/2018\/06\/DSC00862-300x217.jpg 300w, https:\/\/logopaedie-landt.de\/wp-content\/uploads\/2018\/06\/DSC00862-768x555.jpg 768w, https:\/\/logopaedie-landt.de\/wp-content\/uploads\/2018\/06\/DSC00862-1024x740.jpg 1024w, https:\/\/logopaedie-landt.de\/wp-content\/uploads\/2018\/06\/DSC00862-1080x780.jpg 1080w\" sizes=\"(max-width: 375px) 100vw, 375px\" \/><span style=\"color: #000000;\"><br \/><\/span><\/p>\n<p>&nbsp;<\/p>\n<p><span style=\"font-size: large; color: #000000;\">Cornelia Bartels (Logop\u00e4din seit 2006)<\/span><\/p>\n<p><span style=\"font-size: large; color: #000000;\">Ich therapiere alle logop\u00e4dischen Behandlungsfelder. <\/span><br \/><span style=\"font-size: large; color: #000000;\">Besonders gerne setze ich meine<\/span><br \/><span style=\"font-size: large; color: #000000;\">Erfahrungen in der Therapie der folgenden Bereiche ein: <\/span><br \/><span style=\"font-size: large; color: #000000;\">Verbesserung von Aussprache und Verst\u00e4ndlichkeit bei Kindern und Erwachsenen. <\/span><br \/><span style=\"font-size: large; color: #000000;\">Erweiterung von Wortschatz und Grammatikaufbau bei Kindern in der Sprachentwicklung. <\/span><br \/><span style=\"font-size: large; color: #000000;\">Therapie auditiver Verarbeitungs- und Wahrnehmungsst\u00f6rungen: <\/span><br \/><span style=\"font-size: large; color: #000000;\">Ich arbeite symptomorientiert <\/span><br \/><span style=\"font-size: large; color: #000000;\">an der jeweils auff\u00e4lligen Verarbeitungsleistung, <\/span><br \/><span style=\"font-size: large; color: #000000;\">an der meist mehrere Teilfunktionen beteiligt sind. <\/span><br \/><span style=\"font-size: large; color: #000000;\">Nach Bedarf erg\u00e4nze ich die Behandlung durch computerunterst\u00fctzte Verfahren. <\/span><br \/><span style=\"font-size: large; color: #000000;\">Myofunktionelle Therapie (MFT) bei Kindern, Jugendlichen und Erwachsenen <\/span><br \/><span style=\"font-size: large; color: #000000;\">mit Muskelfunktionsst\u00f6rungen <\/span><br \/><span style=\"font-size: large; color: #000000;\">im Gesichts-, Lippen- und Zungenbereich. <\/span><br \/><span style=\"font-size: large; color: #000000;\">Ich behandle wahrnehmungs- und k\u00f6rperorientiert <\/span><br \/><span style=\"font-size: large; color: #000000;\">nach dem Konzept unserer Praxis <\/span><br \/><span style=\"font-size: large; color: #000000;\">und setze auch bei\u00a0Bedarf Trainingsger\u00e4te ein, die im Mund getragen werden (intraoral). <\/span><br \/><span style=\"font-size: large; color: #000000;\">Schlucktherapie (Dysphagie) bei Erwachsenen: Funktionelle Behandlung je nach Grunderkrankung. <\/span><br \/><span style=\"font-size: large; color: #000000;\">Sprachtherapie bei Erwachsenen nach Schlaganf\u00e4llen oder Hirnverletzungen (Aphasie). <\/span><br \/><span style=\"font-size: large; color: #000000;\">Stimmtherapie bei Kindern und Erwachsenen; eingebunden in eine ganzheitliche Konzeption. <\/span><br \/><span style=\"font-size: large; color: #000000;\">Erfahrung mit tiefgreifenden Entwicklungsst\u00f6rungen wie Autismus und Behinderungen wie Down Syndrom.<\/span><\/p>\n<p>[\/et_pb_toggle][\/et_pb_column][\/et_pb_row][\/et_pb_section]<\/p>\n","protected":false},"excerpt":{"rendered":"<p>[et_pb_section fb_built=&#8220;1&#8243; _builder_version=&#8220;3.4.1&#8243; background_color=&#8220;rgba(224,34,24,0.85)&#8220; use_background_color_gradient=&#8220;on&#8220; background_color_gradient_start=&#8220;#d31208&#8243; background_color_gradient_end=&#8220;#ef291f&#8220; parallax=&#8220;on&#8220; global_module=&#8220;343&#8243;][et_pb_row custom_padding=&#8220;32.6px|21px|29px|39px|false|false&#8220; _builder_version=&#8220;3.4.1&#8243; background_size=&#8220;initial&#8220; background_position=&#8220;top_left&#8220; background_repeat=&#8220;repeat&#8220; module_alignment=&#8220;center&#8220;][et_pb_column type=&#8220;1_2&#8243; _builder_version=&#8220;3.0.47&#8243; parallax=&#8220;off&#8220; parallax_method=&#8220;on&#8220;][et_pb_text _builder_version=&#8220;3.4.1&#8243;] [\/et_pb_text][\/et_pb_column][et_pb_column type=&#8220;1_2&#8243; _builder_version=&#8220;3.0.47&#8243; parallax=&#8220;off&#8220; parallax_method=&#8220;on&#8220;][et_pb_image src=&#8220;http:\/\/logopaedie-landt.de\/wp-content\/uploads\/2018\/06\/DSC00845.jpg&#8220; align=&#8220;right&#8220; _builder_version=&#8220;3.4.1&#8243; custom_margin=&#8220;|-23px||&#8220;] \u00a0 [\/et_pb_image][\/et_pb_column][\/et_pb_row][et_pb_row custom_padding=&#8220;32.6px|0px|0|0px|false|false&#8220; _builder_version=&#8220;3.4.1&#8243; background_size=&#8220;initial&#8220; background_position=&#8220;top_left&#8220; background_repeat=&#8220;repeat&#8220; border_radii=&#8220;on|2px|2px|2px|2px&#8220;][et_pb_column type=&#8220;4_4&#8243; _builder_version=&#8220;3.0.47&#8243; parallax=&#8220;off&#8220; parallax_method=&#8220;on&#8220;][et_pb_text _builder_version=&#8220;3.4.1&#8243; text_text_color=&#8220;#000000&#8243; header_text_align=&#8220;center&#8220; background_color=&#8220;#ffffff&#8220; border_radii=&#8220;|0px|0px||0px&#8220; text_orientation=&#8220;center&#8220; custom_margin=&#8220;|0px||0px&#8220;] \u00a0 Alle Einrichtungen des Gesundheitswesens bleiben unter [&hellip;]<\/p>\n","protected":false},"author":1,"featured_media":0,"parent":0,"menu_order":0,"comment_status":"closed","ping_status":"closed","template":"","meta":[],"_links":{"self":[{"href":"https:\/\/logopaedie-landt.de\/index.php?rest_route=\/wp\/v2\/pages\/25"}],"collection":[{"href":"https:\/\/logopaedie-landt.de\/index.php?rest_route=\/wp\/v2\/pages"}],"about":[{"href":"https:\/\/logopaedie-landt.de\/index.php?rest_route=\/wp\/v2\/types\/page"}],"author":[{"embeddable":true,"href":"https:\/\/logopaedie-landt.de\/index.php?rest_route=\/wp\/v2\/users\/1"}],"replies":[{"embeddable":true,"href":"https:\/\/logopaedie-landt.de\/index.php?rest_route=%2Fwp%2Fv2%2Fcomments&post=25"}],"version-history":[{"count":84,"href":"https:\/\/logopaedie-landt.de\/index.php?rest_route=\/wp\/v2\/pages\/25\/revisions"}],"predecessor-version":[{"id":474,"href":"https:\/\/logopaedie-landt.de\/index.php?rest_route=\/wp\/v2\/pages\/25\/revisions\/474"}],"wp:attachment":[{"href":"https:\/\/logopaedie-landt.de\/index.php?rest_route=%2Fwp%2Fv2%2Fmedia&parent=25"}],"curies":[{"name":"wp","href":"https:\/\/api.w.org\/{rel}","templated":true}]}}