{"id":249,"date":"2018-07-03T20:54:36","date_gmt":"2018-07-03T18:54:36","guid":{"rendered":"http:\/\/logopaedie-landt.de\/?page_id=249"},"modified":"2024-01-04T15:18:42","modified_gmt":"2024-01-04T14:18:42","slug":"impressum","status":"publish","type":"page","link":"https:\/\/logopaedie-landt.de\/?page_id=249","title":{"rendered":"Impressum"},"content":{"rendered":"<p>[et_pb_section fb_built=&#8220;1&#8243; admin_label=&#8220;section&#8220; _builder_version=&#8220;3.4.1&#8243; use_background_color_gradient=&#8220;on&#8220; background_color_gradient_start=&#8220;#d31208&#8243; background_color_gradient_end=&#8220;#ef291f&#8220;][et_pb_row admin_label=&#8220;row&#8220; _builder_version=&#8220;3.0.47&#8243; background_size=&#8220;initial&#8220; background_position=&#8220;top_left&#8220; background_repeat=&#8220;repeat&#8220;][et_pb_column type=&#8220;4_4&#8243; _builder_version=&#8220;3.0.47&#8243; parallax=&#8220;off&#8220; parallax_method=&#8220;on&#8220;][et_pb_text _builder_version=&#8220;3.4.1&#8243; text_text_color=&#8220;#ffffff&#8220; use_background_color_gradient=&#8220;on&#8220; background_color_gradient_start=&#8220;#d31208&#8243; background_color_gradient_end=&#8220;#ef291f&#8220; background_size=&#8220;initial&#8220; background_position=&#8220;top_left&#8220; background_repeat=&#8220;repeat&#8220;]<\/p>\n<p>Verantwortlicher im Sinne des \u00a7 5 des TMG und Betreiber der Webseite:<\/p>\n<p>&nbsp;<\/p>\n<p>Astrid Landt<\/p>\n<p><span class=\"LrzXr\">Albert-Schweitzer-Stra\u00dfe 8<\/span><\/p>\n<p><span class=\"LrzXr\">60437 Frankfurt am Main<\/span><\/p>\n<div class=\"Z1hOCe\">\n<div class=\"zloOqf kno-fb-ctx\" data-dtype=\"d3ifr\" data-local-attribute=\"d3ph\" data-ved=\"0ahUKEwiIsreJzYPcAhUPiKYKHT3rBgQQ8I0BCIgBKAAwEQ\"><span class=\"w8qArf\">Telefon: <\/span><span class=\"LrzXr zdqRlf kno-fv\">069 507 007 33<\/span><\/div>\n<div class=\"zloOqf kno-fb-ctx\" data-dtype=\"d3ifr\" data-local-attribute=\"d3ph\" data-ved=\"0ahUKEwiIsreJzYPcAhUPiKYKHT3rBgQQ8I0BCIgBKAAwEQ\"><span class=\"LrzXr zdqRlf kno-fv\">E-Mail:\u00a0 Mail(at)logopaedie-landt.de<\/span><\/div>\n<\/div>\n<p>&nbsp;<\/p>\n<p>&nbsp;<\/p>\n<p><strong>Haftungshinweis:<\/strong><\/p>\n<p>Trotz sorgf\u00e4ltiger inhaltlicher Kontrolle \u00fcbernehmen wir keine Haftung f\u00fcr die Inhalte externer Links. F\u00fcr den Inhalt der verlinkten Seiten sind ausschlie\u00dflich deren Betreiber verantwortlich.<\/p>\n<p>&nbsp;<\/p>\n<ul>\n<li>Bildquelle: freestockgallery.de<\/li>\n<\/ul>\n<p>&nbsp;<\/p>\n<p>[\/et_pb_text][\/et_pb_column][\/et_pb_row][\/et_pb_section]<\/p>\n","protected":false},"excerpt":{"rendered":"<p>[et_pb_section fb_built=&#8220;1&#8243; admin_label=&#8220;section&#8220; _builder_version=&#8220;3.4.1&#8243; use_background_color_gradient=&#8220;on&#8220; background_color_gradient_start=&#8220;#d31208&#8243; background_color_gradient_end=&#8220;#ef291f&#8220;][et_pb_row admin_label=&#8220;row&#8220; _builder_version=&#8220;3.0.47&#8243; background_size=&#8220;initial&#8220; background_position=&#8220;top_left&#8220; background_repeat=&#8220;repeat&#8220;][et_pb_column type=&#8220;4_4&#8243; _builder_version=&#8220;3.0.47&#8243; parallax=&#8220;off&#8220; parallax_method=&#8220;on&#8220;][et_pb_text _builder_version=&#8220;3.4.1&#8243; text_text_color=&#8220;#ffffff&#8220; use_background_color_gradient=&#8220;on&#8220; background_color_gradient_start=&#8220;#d31208&#8243; background_color_gradient_end=&#8220;#ef291f&#8220; background_size=&#8220;initial&#8220; background_position=&#8220;top_left&#8220; background_repeat=&#8220;repeat&#8220;] Verantwortlicher im Sinne des \u00a7 5 des TMG und Betreiber der Webseite: &nbsp; Astrid Landt Albert-Schweitzer-Stra\u00dfe 8 60437 Frankfurt am Main Telefon: 069 507 007 33 E-Mail:\u00a0 Mail(at)logopaedie-landt.de &nbsp; &nbsp; Haftungshinweis: [&hellip;]<\/p>\n","protected":false},"author":1,"featured_media":0,"parent":0,"menu_order":0,"comment_status":"closed","ping_status":"closed","template":"","meta":[],"_links":{"self":[{"href":"https:\/\/logopaedie-landt.de\/index.php?rest_route=\/wp\/v2\/pages\/249"}],"collection":[{"href":"https:\/\/logopaedie-landt.de\/index.php?rest_route=\/wp\/v2\/pages"}],"about":[{"href":"https:\/\/logopaedie-landt.de\/index.php?rest_route=\/wp\/v2\/types\/page"}],"author":[{"embeddable":true,"href":"https:\/\/logopaedie-landt.de\/index.php?rest_route=\/wp\/v2\/users\/1"}],"replies":[{"embeddable":true,"href":"https:\/\/logopaedie-landt.de\/index.php?rest_route=%2Fwp%2Fv2%2Fcomments&post=249"}],"version-history":[{"count":9,"href":"https:\/\/logopaedie-landt.de\/index.php?rest_route=\/wp\/v2\/pages\/249\/revisions"}],"predecessor-version":[{"id":496,"href":"https:\/\/logopaedie-landt.de\/index.php?rest_route=\/wp\/v2\/pages\/249\/revisions\/496"}],"wp:attachment":[{"href":"https:\/\/logopaedie-landt.de\/index.php?rest_route=%2Fwp%2Fv2%2Fmedia&parent=249"}],"curies":[{"name":"wp","href":"https:\/\/api.w.org\/{rel}","templated":true}]}}